{"id":2630,"date":"2022-03-22T13:59:22","date_gmt":"2022-03-22T13:59:22","guid":{"rendered":"https:\/\/staging.thera-plus.com\/?page_id=2630"},"modified":"2024-11-26T13:47:15","modified_gmt":"2024-11-26T13:47:15","slug":"metody-leczenia","status":"publish","type":"page","link":"https:\/\/thera-plus.com\/pl\/metody-leczenia\/","title":{"rendered":"metody leczenia"},"content":{"rendered":"<h1>metody leczenia<\/h1>\n<p>Tutaj, w nast\u0119puj\u0105cych lokalizacjach opiszemy niekt\u00f3re z klasycznych metod leczenia, na kt\u00f3re mo\u017cna uzyska\u0107 od lekarza recepte.<\/p>\n<p>Aby otrzyma\u0107 przegl\u0105d naszych metod leczenia tutaj:<\/p>\n<ul>\n<li>fizjoterapia<\/li>\n<li>terapii Zaj\u0119ciowej<\/li>\n<li>Rehasport<\/li>\n<li>CMD Therapy<\/li>\n<li>Fizjoterapia Sport<\/li>\n<li>osteopatia<\/li>\n<li>terapia manualna<\/li>\n<li>Krankgengymnastik na urz\u0105dzeniu<\/li>\n<li>PNFstretching<\/li>\n<li>Fizjoterapia Bobath<\/li>\n<li>Klasyczny masa\u017c Therapy<\/li>\n<li>Manualny drena\u017c limfatyczny<\/li>\n<li>\u0107wiczenia oddechowe<\/li>\n<li>\u0106wiczenia mi\u0119\u015bni dna miednicy<\/li>\n<li>Leczenie n. Lehnert-Schroth<\/li>\n<li>elektroterapia<\/li>\n<li>krioterapia<\/li>\n<li>Terapia ultrad\u017awi\u0119kowa<\/li>\n<li>Termoterapia<\/li>\n<li>terapia dzieci<\/li>\n<\/ul>\n","protected":false},"excerpt":{"rendered":"<p>metody leczenia Tutaj, w nast\u0119puj\u0105cych lokalizacjach opiszemy niekt\u00f3re z klasycznych metod leczenia, na kt\u00f3re mo\u017cna uzyska\u0107 od lekarza recepte. Aby otrzyma\u0107 przegl\u0105d naszych metod leczenia tutaj: fizjoterapia terapii Zaj\u0119ciowej Rehasport CMD Therapy Fizjoterapia Sport osteopatia terapia manualna Krankgengymnastik na urz\u0105dzeniu PNFstretching Fizjoterapia Bobath Klasyczny masa\u017c Therapy Manualny drena\u017c limfatyczny \u0107wiczenia oddechowe \u0106wiczenia mi\u0119\u015bni dna miednicy&#8230;<\/p>\n","protected":false},"author":1,"featured_media":0,"parent":0,"menu_order":0,"comment_status":"closed","ping_status":"closed","template":"","meta":{"_acf_changed":false,"footnotes":""},"class_list":["post-2630","page","type-page","status-publish","hentry"],"acf":[],"_links":{"self":[{"href":"https:\/\/thera-plus.com\/pl\/wp-json\/wp\/v2\/pages\/2630","targetHints":{"allow":["GET"]}}],"collection":[{"href":"https:\/\/thera-plus.com\/pl\/wp-json\/wp\/v2\/pages"}],"about":[{"href":"https:\/\/thera-plus.com\/pl\/wp-json\/wp\/v2\/types\/page"}],"author":[{"embeddable":true,"href":"https:\/\/thera-plus.com\/pl\/wp-json\/wp\/v2\/users\/1"}],"replies":[{"embeddable":true,"href":"https:\/\/thera-plus.com\/pl\/wp-json\/wp\/v2\/comments?post=2630"}],"version-history":[{"count":0,"href":"https:\/\/thera-plus.com\/pl\/wp-json\/wp\/v2\/pages\/2630\/revisions"}],"wp:attachment":[{"href":"https:\/\/thera-plus.com\/pl\/wp-json\/wp\/v2\/media?parent=2630"}],"curies":[{"name":"wp","href":"https:\/\/api.w.org\/{rel}","templated":true}]}}