{"id":2632,"date":"2022-03-22T13:59:43","date_gmt":"2022-03-22T13:59:43","guid":{"rendered":"https:\/\/staging.thera-plus.com\/?page_id=2632"},"modified":"2024-10-07T05:58:36","modified_gmt":"2024-10-07T05:58:36","slug":"tedavi-yoentemleri","status":"publish","type":"page","link":"https:\/\/thera-plus.com\/tr\/tedavi-yoentemleri\/","title":{"rendered":"tedavi Y\u00f6ntemleri"},"content":{"rendered":"<h1>tedavi Y\u00f6ntemleri<\/h1>\n<p>Burada, a\u015fa\u011f\u0131daki konumlarda, size doktorunuz bir re\u00e7ete verilmi\u015f (\u0130la\u00e7lar Y\u00f6netmeli\u011fi) elde hangi tedavi klasik y\u00f6ntemlerin, baz\u0131lar\u0131 a\u00e7\u0131klanmaktad\u0131r.<\/p>\n<p>Burada bizim tedavi y\u00f6ntemleri genel bir bak\u0131\u015f i\u00e7in:<\/p>\n<ul>\n<li>fizyoterapi<\/li>\n<li>ergoterapi<\/li>\n<li>Rehasport<\/li>\n<li>TME Terapi<\/li>\n<li>Spor Hekimli\u011fi<\/li>\n<li>k\u0131r\u0131k\u00e7\u0131l\u0131k<\/li>\n<li>Manuel terapi<\/li>\n<li>Cihazda Krankgengymnastik<\/li>\n<li>Germe PNF<\/li>\n<li>fizyoterapi Bobath<\/li>\n<li>\u0130sve\u00e7 Masaj\u0131 Terapisi<\/li>\n<li>Manuel lenfatik drenaj<\/li>\n<li>nefes egzersizleri<\/li>\n<li>Pelvik taban egzersizleri<\/li>\n<li>Tedavi n. Lehnert-Schroth<\/li>\n<li>elektroterapi<\/li>\n<li>kriyoterapi<\/li>\n<li>Ultrason Tedavisi<\/li>\n<li>termoterapi<\/li>\n<li>\u00e7ocuk terapi<\/li>\n<\/ul>\n","protected":false},"excerpt":{"rendered":"<p>tedavi Y\u00f6ntemleri Burada, a\u015fa\u011f\u0131daki konumlarda, size doktorunuz bir re\u00e7ete verilmi\u015f (\u0130la\u00e7lar Y\u00f6netmeli\u011fi) elde hangi tedavi klasik y\u00f6ntemlerin, baz\u0131lar\u0131 a\u00e7\u0131klanmaktad\u0131r. Burada bizim tedavi y\u00f6ntemleri genel bir bak\u0131\u015f i\u00e7in: fizyoterapi ergoterapi Rehasport TME Terapi Spor Hekimli\u011fi k\u0131r\u0131k\u00e7\u0131l\u0131k Manuel terapi Cihazda Krankgengymnastik Germe PNF fizyoterapi Bobath \u0130sve\u00e7 Masaj\u0131 Terapisi Manuel lenfatik drenaj nefes egzersizleri Pelvik taban egzersizleri Tedavi&#8230;<\/p>\n","protected":false},"author":1,"featured_media":0,"parent":0,"menu_order":0,"comment_status":"closed","ping_status":"closed","template":"","meta":{"_acf_changed":false,"footnotes":""},"class_list":["post-2632","page","type-page","status-publish","hentry"],"acf":[],"_links":{"self":[{"href":"https:\/\/thera-plus.com\/tr\/wp-json\/wp\/v2\/pages\/2632","targetHints":{"allow":["GET"]}}],"collection":[{"href":"https:\/\/thera-plus.com\/tr\/wp-json\/wp\/v2\/pages"}],"about":[{"href":"https:\/\/thera-plus.com\/tr\/wp-json\/wp\/v2\/types\/page"}],"author":[{"embeddable":true,"href":"https:\/\/thera-plus.com\/tr\/wp-json\/wp\/v2\/users\/1"}],"replies":[{"embeddable":true,"href":"https:\/\/thera-plus.com\/tr\/wp-json\/wp\/v2\/comments?post=2632"}],"version-history":[{"count":0,"href":"https:\/\/thera-plus.com\/tr\/wp-json\/wp\/v2\/pages\/2632\/revisions"}],"wp:attachment":[{"href":"https:\/\/thera-plus.com\/tr\/wp-json\/wp\/v2\/media?parent=2632"}],"curies":[{"name":"wp","href":"https:\/\/api.w.org\/{rel}","templated":true}]}}