{"id":3150,"date":"2022-04-19T13:35:01","date_gmt":"2022-04-19T13:35:01","guid":{"rendered":"https:\/\/staging.thera-plus.com\/?page_id=3150"},"modified":"2024-11-27T08:31:44","modified_gmt":"2024-11-27T08:31:44","slug":"iletisim","status":"publish","type":"page","link":"https:\/\/thera-plus.com\/tr\/iletisim\/","title":{"rendered":"\u0130leti\u015fim"},"content":{"rendered":"<section class=\"l-section wpb_row us_custom_9dc5eed9 height_large\"><div class=\"l-section-h i-cf\"><div class=\"g-cols vc_row via_grid cols_1 laptops-cols_inherit tablets-cols_inherit mobiles-cols_1 valign_top type_default stacking_default\"><div class=\"wpb_column vc_column_container\"><div class=\"vc_column-inner\"><h1 class=\"w-post-elm post_title align_center entry-title color_link_inherit\">\u0130leti\u015fim<\/h1><\/div><\/div><\/div><\/div><\/section><section class=\"l-section wpb_row us_custom_887a049b height_large\"><div class=\"l-section-h i-cf\"><div class=\"g-cols vc_row via_grid cols_2 laptops-cols_2 tablets-cols_1 mobiles-cols_1 valign_top type_default stacking_default\"><div class=\"wpb_column vc_column_container us_custom_a03b15b0\"><div class=\"vc_column-inner\"><div class=\"w-text us_custom_28982e1d\"><span class=\"w-text-h\"><span class=\"w-text-value\">e-posta<\/span><\/span><\/div><div class=\"w-separator size_custom\" style=\"height:10px\"><\/div><h4 class=\"w-text\"><a href=\"mailto:info@thera-plus.com\" class=\"w-text-h\"><span class=\"w-text-value\">info@thera-plus.com<\/span><\/a><\/h4><div class=\"w-separator size_small\"><\/div><div class=\"w-text us_custom_28982e1d\"><span class=\"w-text-h\"><span class=\"w-text-value\">telefon<\/span><\/span><\/div><div class=\"w-separator size_custom\" style=\"height:10px\"><\/div><h4 class=\"w-text\"><a href=\"tel:089 &#8211; 72 01 96 97\" class=\"w-text-h\"><span class=\"w-text-value\">089 &#8211; 72 01 96 97<\/span><\/a><\/h4><div class=\"w-separator size_small\"><\/div><div class=\"w-text us_custom_28982e1d\"><span class=\"w-text-h\"><span class=\"w-text-value\">adres<\/span><\/span><\/div><div class=\"w-separator size_custom\" style=\"height:10px\"><\/div><h4 class=\"w-text\"><span class=\"w-text-h\"><span class=\"w-text-value\">Koppstra\u00dfe18<br \/>\n81379 M\u00fcnih<\/span><\/span><\/h4><div class=\"w-separator size_custom\" style=\"height:10px\"><\/div><div class=\"w-image us_custom_81dbcac1 has_ratio align_none\"><div class=\"w-image-h\"><div style=\"padding-bottom:100%\"><\/div><img decoding=\"async\" width=\"1000\" height=\"857\" src=\"https:\/\/thera-plus.com\/wp-content\/uploads\/2022\/04\/empfang-physiotherapie-muenchen.jpg\" class=\"attachment-large size-large\" alt=\"Physiotherapie M\u00fcnchen\" loading=\"lazy\" \/><\/div><\/div><\/div><\/div><div class=\"wpb_column vc_column_container\"><div class=\"vc_column-inner\"><h4 class=\"w-text\"><span class=\"w-text-h\"><span class=\"w-text-value\">geri arama ayarla<\/span><\/span><\/h4><div class=\"w-separator size_custom\" style=\"height:10px\"><\/div><form class=\"w-form  us-field-style_1 layout_ver show_message_after_sending for_cform us_form_1\" action=\"https:\/\/thera-plus.com\/tr\/wp-json\/wp\/v2\/pages\/3150\" method=\"post\"><div class=\"w-form-h\"><div class=\"w-form-row for_text has_label required\">\r\n\t\t\t<div class=\"w-form-row-label\">\r\n\t\t\t<span>Sizin ad\u0131n\u0131z *<\/span>\r\n\t\t<\/div>\r\n\t\t<div class=\"w-form-row-field\">\r\n\t\t\t\t\t\t<input aria-label=\"Sizin ad\u0131n\u0131z\" type=\"text\" name=\"us_form_1_text_1\" value placeholder data-required=\"true\" aria-required=\"true\"\/>\r\n\t\t\t<\/div>\r\n\t\t<div class=\"w-form-row-state\">Bu alan\u0131 doldurun<\/div>\r\n<\/div>\r\n<div class=\"w-form-row for_text has_label required\">\r\n\t\t\t<div class=\"w-form-row-label\">\r\n\t\t\t<span>Telefon numaran\u0131z *<\/span>\r\n\t\t<\/div>\r\n\t\t<div class=\"w-form-row-field\">\r\n\t\t\t\t\t\t<input aria-label=\"Telefon numaran\u0131z\" type=\"text\" name=\"us_form_1_text_2\" value placeholder data-required=\"true\" aria-required=\"true\"\/>\r\n\t\t\t<\/div>\r\n\t\t<div class=\"w-form-row-state\">Bu alan\u0131 doldurun<\/div>\r\n<\/div>\r\n<div class=\"w-form-row for_text has_label required\">\r\n\t\t\t<div class=\"w-form-row-label\">\r\n\t\t\t<span>Randevu i\u00e7in haftan\u0131n hangi g\u00fcn\u00fcn\u00fc tercih edersiniz? *<\/span>\r\n\t\t<\/div>\r\n\t\t<div class=\"w-form-row-field\">\r\n\t\t\t\t\t\t<input aria-label=\"Randevu i\u00e7in haftan\u0131n hangi g\u00fcn\u00fcn\u00fc tercih edersiniz?\" type=\"text\" name=\"us_form_1_text_3\" value placeholder data-required=\"true\" aria-required=\"true\"\/>\r\n\t\t\t<\/div>\r\n\t\t<div class=\"w-form-row-state\">Bu alan\u0131 doldurun<\/div>\r\n<\/div>\r\n<div class=\"w-form-row for_text has_label required\">\r\n\t\t\t<div class=\"w-form-row-label\">\r\n\t\t\t<span>\u0130stenilen zaman *<\/span>\r\n\t\t<\/div>\r\n\t\t<div class=\"w-form-row-field\">\r\n\t\t\t\t\t\t<input aria-label=\"\u0130stenilen zaman\" type=\"text\" name=\"us_form_1_text_4\" value placeholder data-required=\"true\" aria-required=\"true\"\/>\r\n\t\t\t<\/div>\r\n\t\t<div class=\"w-form-row-state\">Bu alan\u0131 doldurun<\/div>\r\n<\/div>\r\n<div class=\"w-form-row for_text has_label required\">\r\n\t\t\t<div class=\"w-form-row-label\">\r\n\t\t\t<span>Konu *<\/span>\r\n\t\t<\/div>\r\n\t\t<div class=\"w-form-row-field\">\r\n\t\t\t\t\t\t<input aria-label=\"Konu\" type=\"text\" name=\"us_form_1_text_5\" value placeholder data-required=\"true\" aria-required=\"true\"\/>\r\n\t\t\t<\/div>\r\n\t\t<div class=\"w-form-row-state\">Bu alan\u0131 doldurun<\/div>\r\n<\/div>\r\n<div class=\"w-form-row for_agreement required\">\r\n\t\t<div class=\"w-form-row-field\">\r\n\t\t\t\t<label>\r\n\t\t\t<input type=\"checkbox\" value=\"1\" data-required=\"true\" aria-required=\"true\" name=\"us_form_1_agreement_1\"\/>\r\n\t\t\t<span> Gizlilik politikas\u0131n\u0131 okudum. Bilgilerimin ve verilerimin talebimi yan\u0131tlamak i\u00e7in elektronik olarak toplanaca\u011f\u0131n\u0131 ve saklanaca\u011f\u0131n\u0131 kabul ediyorum. Not: info@thera-plus.com adresine bir e-posta g\u00f6ndererek gelecekte istedi\u011finiz zaman onay\u0131n\u0131z\u0131 iptal edebilirsiniz.<\/span>\r\n\t\t<\/label>\r\n\t\t\t<\/div>\r\n\t\t<div class=\"w-form-row-state\">Devam etmek i\u00e7in \u015fartlar\u0131 kabul etmelisiniz<\/div>\r\n<\/div>\r\n<input type=\"hidden\" name=\"action\" value=\"us_ajax_cform\" \/>\r\n<input type=\"hidden\" name=\"post_id\" value=\"0\" \/>\r\n<input type=\"hidden\" name=\"form_index\" value=\"1\" \/>\r\n<div class=\"w-form-row for_submit align_none\">\r\n\t<button class=\"w-btn  us-btn-style_1\" aria-label=\"G\u00f6nder\" type=\"submit\">\r\n\t\t<span class=\"g-preloader type_1\"><\/span>\r\n\t\t\t\t<span class=\"w-btn-label\">G\u00f6nder<\/span>\r\n\t\t\t<\/button>\r\n\t<\/div>\r\n<\/div><div class=\"w-form-message\"><\/div><div class=\"w-form-json hidden\" onclick='return {&quot;ajaxurl&quot;:&quot;https:\\\/\\\/thera-plus.com\\\/wp-admin\\\/admin-ajax.php&quot;,&quot;messages&quot;:{&quot;err_empty&quot;:&quot;Bu alan\\u0131 doldurun&quot;,&quot;err_size&quot;:&quot;Dosya boyutu %s MB&#039;\\u0131 a\\u015famaz&quot;,&quot;err_extension&quot;:&quot;%s dosya t\\u00fcr\\u00fcne izin verilmiyor&quot;,&quot;err_recaptcha_keys&quot;:&quot;reCAPTCHA anahtarlar\\u0131 yanl\\u0131\\u015f&quot;}}'><\/div><\/form><\/div><\/div><\/div><\/div><\/section><section class=\"l-section wpb_row height_large\"><div class=\"l-section-h i-cf\"><div class=\"g-cols vc_row via_grid cols_2 laptops-cols_inherit tablets-cols_inherit mobiles-cols_1 valign_top type_default stacking_default\"><div class=\"wpb_column vc_column_container\"><div class=\"vc_column-inner\"><h4 class=\"w-text\"><span class=\"w-text-h\"><span class=\"w-text-value\">Bize bir mesaj yaz\u0131n!<\/span><\/span><\/h4><form class=\"w-form  us-field-style_1 layout_ver show_message_after_sending for_cform us_form_2\" action=\"https:\/\/thera-plus.com\/tr\/wp-json\/wp\/v2\/pages\/3150\" method=\"post\"><div class=\"w-form-h\"><div class=\"w-form-row for_text has_label required\">\r\n\t\t\t<div class=\"w-form-row-label\">\r\n\t\t\t<span>\u0130sim *<\/span>\r\n\t\t<\/div>\r\n\t\t<div class=\"w-form-row-field\">\r\n\t\t\t\t\t\t<input aria-label=\"\u0130sim\" type=\"text\" name=\"us_form_2_text_1\" value placeholder data-required=\"true\" aria-required=\"true\"\/>\r\n\t\t\t<\/div>\r\n\t\t<div class=\"w-form-row-state\">Bu alan\u0131 doldurun<\/div>\r\n<\/div>\r\n<div class=\"w-form-row for_email has_label required\">\r\n\t\t\t<div class=\"w-form-row-label\">\r\n\t\t\t<span>E-Posta *<\/span>\r\n\t\t<\/div>\r\n\t\t<div class=\"w-form-row-field\">\r\n\t\t\t\t\t\t<input aria-label=\"E-Posta\" type=\"email\" name=\"us_form_2_email_1\" value placeholder data-required=\"true\" aria-required=\"true\"\/>\r\n\t\t\t<\/div>\r\n\t\t<div class=\"w-form-row-state\">L\u00fctfen ge\u00e7erli bir e-posta adresi yaz\u0131n.<\/div>\r\n<\/div>\r\n<div class=\"w-form-row for_checkboxes\">\r\n\t\t<div class=\"w-form-row-field\">\r\n\t\t\t\t\t<label>\r\n\t\t\t\t<input type=\"checkbox\" name=\"us_form_2_checkboxes_1[]\" value=\"Evet, bir kupon sat\u0131n almak istiyorum. L\u00fctfen bu konuda benimle ileti\u015fime ge\u00e7in.\"\/>\r\n\t\t\t\t<span>Evet, bir kupon sat\u0131n almak istiyorum. L\u00fctfen bu konuda benimle ileti\u015fime ge\u00e7in.<\/span>\r\n\t\t\t<\/label>\r\n\t\t\t\t<\/div>\r\n\t\t<div class=\"w-form-row-state\">Bir se\u00e7enek belirleyin<\/div>\r\n<\/div>\r\n<div class=\"w-form-row for_text has_label required\">\r\n\t\t\t<div class=\"w-form-row-label\">\r\n\t\t\t<span>Konu *<\/span>\r\n\t\t<\/div>\r\n\t\t<div class=\"w-form-row-field\">\r\n\t\t\t\t\t\t<input aria-label=\"Konu\" type=\"text\" name=\"us_form_2_text_2\" value placeholder data-required=\"true\" aria-required=\"true\"\/>\r\n\t\t\t<\/div>\r\n\t\t<div class=\"w-form-row-state\">Bu alan\u0131 doldurun<\/div>\r\n<\/div>\r\n<div class=\"w-form-row for_textarea has_label required\">\r\n\t\t\t<div class=\"w-form-row-label\">\r\n\t\t\t<span>Mesaj\u0131n\u0131z *<\/span>\r\n\t\t<\/div>\r\n\t\t<div class=\"w-form-row-field\">\r\n\t\t\t\t\t\t<textarea aria-label=\"Mesaj\u0131n\u0131z\" name=\"us_form_2_textarea_1\" placeholder data-required=\"true\" aria-required=\"true\"><\/textarea>\r\n\t\t\t<\/div>\r\n\t\t<div class=\"w-form-row-state\">Bu alan\u0131 doldurun<\/div>\r\n<\/div>\r\n<div class=\"w-form-row for_agreement required\">\r\n\t\t<div class=\"w-form-row-field\">\r\n\t\t\t\t<label>\r\n\t\t\t<input type=\"checkbox\" value=\"1\" data-required=\"true\" aria-required=\"true\" name=\"us_form_2_agreement_1\"\/>\r\n\t\t\t<span>Gizlilik politikas\u0131n\u0131 okudum. Bilgilerimin ve verilerimin talebimi yan\u0131tlamak i\u00e7in elektronik olarak toplanaca\u011f\u0131n\u0131 ve saklanaca\u011f\u0131n\u0131 kabul ediyorum. Not: infoLthera-plus.com adresine bir e-posta g\u00f6ndererek gelecekte istedi\u011finiz zaman onay\u0131n\u0131z\u0131 iptal edebilirsiniz.<\/span>\r\n\t\t<\/label>\r\n\t\t\t<\/div>\r\n\t\t<div class=\"w-form-row-state\">Devam etmek i\u00e7in \u015fartlar\u0131 kabul etmelisiniz<\/div>\r\n<\/div>\r\n<input type=\"hidden\" name=\"action\" value=\"us_ajax_cform\" \/>\r\n<input type=\"hidden\" name=\"post_id\" value=\"0\" \/>\r\n<input type=\"hidden\" name=\"form_index\" value=\"2\" \/>\r\n<div class=\"w-form-row for_submit align_none\">\r\n\t<button class=\"w-btn  us-btn-style_1\" aria-label=\"G\u00f6nder\" type=\"submit\">\r\n\t\t<span class=\"g-preloader type_1\"><\/span>\r\n\t\t\t\t<span class=\"w-btn-label\">G\u00f6nder<\/span>\r\n\t\t\t<\/button>\r\n\t<\/div>\r\n<\/div><div class=\"w-form-message\"><\/div><div class=\"w-form-json hidden\" onclick='return {&quot;ajaxurl&quot;:&quot;https:\\\/\\\/thera-plus.com\\\/wp-admin\\\/admin-ajax.php&quot;,&quot;messages&quot;:{&quot;err_empty&quot;:&quot;Bu alan\\u0131 doldurun&quot;,&quot;err_size&quot;:&quot;Dosya boyutu %s MB&#039;\\u0131 a\\u015famaz&quot;,&quot;err_extension&quot;:&quot;%s dosya t\\u00fcr\\u00fcne izin verilmiyor&quot;,&quot;err_recaptcha_keys&quot;:&quot;reCAPTCHA anahtarlar\\u0131 yanl\\u0131\\u015f&quot;}}'><\/div><\/form><\/div><\/div><div class=\"wpb_column vc_column_container\"><div class=\"vc_column-inner\"><div class=\"w-map provider_osm us_custom_9439f2b2\" id=\"us_map_1\"><div class=\"w-map-inner\"><div class=\"w-map-json\" onclick='return {&quot;address&quot;:&quot;48.0946420850725, 11.533642324690943&quot;,&quot;disableDragging&quot;:1,&quot;disableZoom&quot;:1,&quot;hideControls&quot;:1,&quot;zoom&quot;:16,&quot;markers&quot;:[{&quot;address&quot;:&quot;48.0946420850725, 11.533642324690943&quot;,&quot;html&quot;:&quot;&lt;h6&gt;M\\u00fcnih&#039;te Theraplus fizyoterapi uygulamas\\u0131&lt;\\\/h6&gt;&quot;,&quot;infowindow&quot;:0}],&quot;style&quot;:&quot;https:\\\/\\\/{s}.tile.openstreetmap.org\\\/{z}\\\/{x}\\\/{y}.png&quot;}'><\/div><\/div><\/div><\/div><\/div><\/div><\/div><\/section>\n","protected":false},"excerpt":{"rendered":"\u0130leti\u015fime-postainfo@thera-plus.comtelefon089 &#8211; 72 01 96 97adresKoppstra\u00dfe18 81379 M\u00fcnihgeri arama ayarla Sizin ad\u0131n\u0131z * Bu alan\u0131 doldurun Telefon numaran\u0131z * Bu alan\u0131 doldurun Randevu i\u00e7in haftan\u0131n hangi g\u00fcn\u00fcn\u00fc tercih edersiniz? * Bu alan\u0131 doldurun \u0130stenilen zaman * Bu alan\u0131 doldurun Konu * Bu alan\u0131 doldurun Gizlilik politikas\u0131n\u0131 okudum. Bilgilerimin ve verilerimin talebimi yan\u0131tlamak i\u00e7in elektronik olarak...","protected":false},"author":1,"featured_media":0,"parent":0,"menu_order":0,"comment_status":"closed","ping_status":"closed","template":"","meta":{"_acf_changed":false,"footnotes":""},"class_list":["post-3150","page","type-page","status-publish","hentry"],"acf":[],"_links":{"self":[{"href":"https:\/\/thera-plus.com\/tr\/wp-json\/wp\/v2\/pages\/3150","targetHints":{"allow":["GET"]}}],"collection":[{"href":"https:\/\/thera-plus.com\/tr\/wp-json\/wp\/v2\/pages"}],"about":[{"href":"https:\/\/thera-plus.com\/tr\/wp-json\/wp\/v2\/types\/page"}],"author":[{"embeddable":true,"href":"https:\/\/thera-plus.com\/tr\/wp-json\/wp\/v2\/users\/1"}],"replies":[{"embeddable":true,"href":"https:\/\/thera-plus.com\/tr\/wp-json\/wp\/v2\/comments?post=3150"}],"version-history":[{"count":0,"href":"https:\/\/thera-plus.com\/tr\/wp-json\/wp\/v2\/pages\/3150\/revisions"}],"wp:attachment":[{"href":"https:\/\/thera-plus.com\/tr\/wp-json\/wp\/v2\/media?parent=3150"}],"curies":[{"name":"wp","href":"https:\/\/api.w.org\/{rel}","templated":true}]}}